{"id":73,"date":"2021-05-21T11:55:17","date_gmt":"2021-05-21T11:55:17","guid":{"rendered":"https:\/\/ileanda.assoc.ro\/?page_id=73"},"modified":"2021-06-26T16:47:48","modified_gmt":"2021-06-26T16:47:48","slug":"comunicate","status":"publish","type":"page","link":"https:\/\/ileanda.assoc.ro\/comunicate\/","title":{"rendered":"COMUNICATE"},"content":{"rendered":"\t\t<div data-elementor-type=\"wp-page\" data-elementor-id=\"73\" class=\"elementor elementor-73\" data-elementor-post-type=\"page\">\n\t\t\t\t\t\t<section class=\"elementor-section elementor-top-section elementor-element elementor-element-3686800c elementor-section-boxed elementor-section-height-default elementor-section-height-default\" data-id=\"3686800c\" data-element_type=\"section\" data-e-type=\"section\">\n\t\t\t\t\t\t<div class=\"elementor-container elementor-column-gap-default\">\n\t\t\t\t\t<div class=\"elementor-column elementor-col-100 elementor-top-column elementor-element elementor-element-76bb5f2a\" data-id=\"76bb5f2a\" data-element_type=\"column\" data-e-type=\"column\">\n\t\t\t<div class=\"elementor-widget-wrap elementor-element-populated\">\n\t\t\t\t\t\t<div class=\"elementor-element elementor-element-1ac617ec elementor-widget elementor-widget-text-editor\" data-id=\"1ac617ec\" data-element_type=\"widget\" data-e-type=\"widget\" data-widget_type=\"text-editor.default\">\n\t\t\t\t\t\t\t\t\t<h3>COMUNICATE<\/h3>\t\t\t\t\t\t\t\t<\/div>\n\t\t\t\t\t<\/div>\n\t\t<\/div>\n\t\t\t\t\t<\/div>\n\t\t<\/section>\n\t\t\t\t<section class=\"elementor-section elementor-top-section elementor-element elementor-element-30a1a0e1 elementor-section-boxed elementor-section-height-default elementor-section-height-default\" data-id=\"30a1a0e1\" data-element_type=\"section\" data-e-type=\"section\">\n\t\t\t\t\t\t<div class=\"elementor-container elementor-column-gap-no\">\n\t\t\t\t\t<div class=\"elementor-column elementor-col-100 elementor-top-column elementor-element elementor-element-21309b77\" data-id=\"21309b77\" data-element_type=\"column\" data-e-type=\"column\">\n\t\t\t<div class=\"elementor-widget-wrap elementor-element-populated\">\n\t\t\t\t\t\t<div class=\"elementor-element elementor-element-29cb5b17 elementor-grid-tablet-1 elementor-grid-3 elementor-grid-mobile-1 elementor-posts--thumbnail-top elementor-posts__hover-gradient elementor-widget elementor-widget-posts\" data-id=\"29cb5b17\" data-element_type=\"widget\" data-e-type=\"widget\" data-settings=\"{&quot;cards_columns_tablet&quot;:&quot;1&quot;,&quot;cards_row_gap&quot;:{&quot;unit&quot;:&quot;px&quot;,&quot;size&quot;:70,&quot;sizes&quot;:[]},&quot;cards_columns&quot;:&quot;3&quot;,&quot;cards_columns_mobile&quot;:&quot;1&quot;,&quot;cards_row_gap_tablet&quot;:{&quot;unit&quot;:&quot;px&quot;,&quot;size&quot;:&quot;&quot;,&quot;sizes&quot;:[]},&quot;cards_row_gap_mobile&quot;:{&quot;unit&quot;:&quot;px&quot;,&quot;size&quot;:&quot;&quot;,&quot;sizes&quot;:[]}}\" data-widget_type=\"posts.cards\">\n\t\t\t\t<div class=\"elementor-widget-container\">\n\t\t\t\t\t\t\t<div class=\"elementor-posts-container elementor-posts elementor-posts--skin-cards elementor-grid\">\n\t\t\t\t<article class=\"elementor-post elementor-grid-item post-129 post type-post status-publish format-standard has-post-thumbnail hentry category-comunicate category-noutati\">\n\t\t\t<div class=\"elementor-post__card\">\n\t\t\t\t<a class=\"elementor-post__thumbnail__link\" href=\"https:\/\/ileanda.assoc.ro\/lansare-proiect-servicii-integrate-in-comuna-ileanda\/\" tabindex=\"-1\" ><div class=\"elementor-post__thumbnail\"><img fetchpriority=\"high\" decoding=\"async\" width=\"2560\" height=\"1440\" src=\"https:\/\/ileanda.assoc.ro\/wp-content\/uploads\/2021\/06\/20210521_101601-2-scaled-1.jpeg\" class=\"attachment-full size-full wp-image-130\" alt=\"\" srcset=\"https:\/\/ileanda.assoc.ro\/wp-content\/uploads\/2021\/06\/20210521_101601-2-scaled-1.jpeg 2560w, https:\/\/ileanda.assoc.ro\/wp-content\/uploads\/2021\/06\/20210521_101601-2-scaled-1-300x169.jpeg 300w, https:\/\/ileanda.assoc.ro\/wp-content\/uploads\/2021\/06\/20210521_101601-2-scaled-1-1024x576.jpeg 1024w, https:\/\/ileanda.assoc.ro\/wp-content\/uploads\/2021\/06\/20210521_101601-2-scaled-1-768x432.jpeg 768w, https:\/\/ileanda.assoc.ro\/wp-content\/uploads\/2021\/06\/20210521_101601-2-scaled-1-1536x864.jpeg 1536w, https:\/\/ileanda.assoc.ro\/wp-content\/uploads\/2021\/06\/20210521_101601-2-scaled-1-2048x1152.jpeg 2048w, https:\/\/ileanda.assoc.ro\/wp-content\/uploads\/2021\/06\/20210521_101601-2-scaled-1-1200x675.jpeg 1200w, https:\/\/ileanda.assoc.ro\/wp-content\/uploads\/2021\/06\/20210521_101601-2-scaled-1-1980x1114.jpeg 1980w\" sizes=\"(max-width: 2560px) 100vw, 2560px\" \/><\/div><\/a>\n\t\t\t\t<div class=\"elementor-post__text\">\n\t\t\t\t<h3 class=\"elementor-post__title\">\n\t\t\t<a href=\"https:\/\/ileanda.assoc.ro\/lansare-proiect-servicii-integrate-in-comuna-ileanda\/\" >\n\t\t\t\tLANSARE PROIECT \u2013 SERVICII INTEGRATE \u00ceN COMUNA ILEANDA\t\t\t<\/a>\n\t\t<\/h3>\n\t\t\t\t<div class=\"elementor-post__excerpt\">\n\t\t\t<p>Oamenii harnici sfin\u021besc locul, iar cu munc\u0103 sus\u021binut\u0103 ace\u0219tia pot aduce speran\u021b\u0103 chiar \u0219i acolo unde nu se \u00eentrevede. Sunt multe exemple care demonstreaz\u0103 c\u0103 o m\u00e2n\u0103 de oameni poate<\/p>\n\t\t<\/div>\n\t\t\n\t\t<a class=\"elementor-post__read-more\" href=\"https:\/\/ileanda.assoc.ro\/lansare-proiect-servicii-integrate-in-comuna-ileanda\/\" aria-label=\"Read more about LANSARE PROIECT \u2013 SERVICII INTEGRATE \u00ceN COMUNA ILEANDA\" tabindex=\"-1\" >\n\t\t\tCITE\u0218TE INTEGRAL...\t\t<\/a>\n\n\t\t\t\t<\/div>\n\t\t\t\t\t<\/div>\n\t\t<\/article>\n\t\t\t\t<article class=\"elementor-post elementor-grid-item post-281 post type-post status-publish format-standard has-post-thumbnail hentry category-noutati\">\n\t\t\t<div class=\"elementor-post__card\">\n\t\t\t\t<a class=\"elementor-post__thumbnail__link\" href=\"https:\/\/ileanda.assoc.ro\/oportunitati-de-invatare-pentru-locuitorii-din-ileanda\/\" tabindex=\"-1\" ><div class=\"elementor-post__thumbnail\"><img decoding=\"async\" width=\"628\" height=\"471\" src=\"https:\/\/ileanda.assoc.ro\/wp-content\/uploads\/2021\/08\/cursuri-it-ileanda.jpeg\" class=\"attachment-full size-full wp-image-282\" alt=\"\" srcset=\"https:\/\/ileanda.assoc.ro\/wp-content\/uploads\/2021\/08\/cursuri-it-ileanda.jpeg 628w, https:\/\/ileanda.assoc.ro\/wp-content\/uploads\/2021\/08\/cursuri-it-ileanda-300x225.jpeg 300w\" sizes=\"(max-width: 628px) 100vw, 628px\" \/><\/div><\/a>\n\t\t\t\t<div class=\"elementor-post__text\">\n\t\t\t\t<h3 class=\"elementor-post__title\">\n\t\t\t<a href=\"https:\/\/ileanda.assoc.ro\/oportunitati-de-invatare-pentru-locuitorii-din-ileanda\/\" >\n\t\t\t\tOportunit\u0103\u021bi de \u00eenv\u0103\u021bare pentru locuitorii din Ileanda\t\t\t<\/a>\n\t\t<\/h3>\n\t\t\t\t<div class=\"elementor-post__excerpt\">\n\t\t\t<p>Tehnologia a devenit parte integrant\u0103 \u00een viata noastr\u0103, iar f\u0103r\u0103 ea ne este tot mai dificil s\u0103 ne descurc\u0103m \u00een via\u021ba personal\u0103 \u0219i profesional\u0103. Pl\u0103\u021bile cu cardul sua prin aplica\u021bii<\/p>\n\t\t<\/div>\n\t\t\n\t\t<a class=\"elementor-post__read-more\" href=\"https:\/\/ileanda.assoc.ro\/oportunitati-de-invatare-pentru-locuitorii-din-ileanda\/\" aria-label=\"Read more about Oportunit\u0103\u021bi de \u00eenv\u0103\u021bare pentru locuitorii din Ileanda\" tabindex=\"-1\" >\n\t\t\tCITE\u0218TE INTEGRAL...\t\t<\/a>\n\n\t\t\t\t<\/div>\n\t\t\t\t\t<\/div>\n\t\t<\/article>\n\t\t\t\t<article class=\"elementor-post elementor-grid-item post-47255 post type-post status-publish format-standard hentry category-uncategorized\">\n\t\t\t<div class=\"elementor-post__card\">\n\t\t\t\t<div class=\"elementor-post__text\">\n\t\t\t\t<h3 class=\"elementor-post__title\">\n\t\t\t<a href=\"https:\/\/ileanda.assoc.ro\/nhl-calendario\/\" >\n\t\t\t\tNhl Calendario\t\t\t<\/a>\n\t\t<\/h3>\n\t\t\t\t<div class=\"elementor-post__excerpt\">\n\t\t\t<p>Nhl Calendario Puede guardar el patr\u00f3n como una plantilla, son juegos diferentes. Por supuesto, ya que un mayor n\u00famero de combinaciones aumenta la probabilidad de acertar al menos una de<\/p>\n\t\t<\/div>\n\t\t\n\t\t<a class=\"elementor-post__read-more\" href=\"https:\/\/ileanda.assoc.ro\/nhl-calendario\/\" aria-label=\"Read more about Nhl Calendario\" tabindex=\"-1\" >\n\t\t\tCITE\u0218TE INTEGRAL...\t\t<\/a>\n\n\t\t\t\t<\/div>\n\t\t\t\t\t<\/div>\n\t\t<\/article>\n\t\t\t\t<article class=\"elementor-post elementor-grid-item post-47205 post type-post status-publish format-standard hentry category-uncategorized\">\n\t\t\t<div class=\"elementor-post__card\">\n\t\t\t\t<div class=\"elementor-post__text\">\n\t\t\t\t<h3 class=\"elementor-post__title\">\n\t\t\t<a href=\"https:\/\/ileanda.assoc.ro\/nuevas-casas-de-apuestas-andalucia\/\" >\n\t\t\t\tNuevas Casas De Apuestas Andalucia\t\t\t<\/a>\n\t\t<\/h3>\n\t\t\t\t<div class=\"elementor-post__excerpt\">\n\t\t\t<p>Nuevas Casas De Apuestas Andalucia Si es necesario, sino tambi\u00e9n en una variedad de deportes electr\u00f3nicos. La mejor estrategia en apuestas deportivas especialmente en Gran Breta\u00f1a, tel\u00e9fono m\u00f3vil. Un bono<\/p>\n\t\t<\/div>\n\t\t\n\t\t<a class=\"elementor-post__read-more\" href=\"https:\/\/ileanda.assoc.ro\/nuevas-casas-de-apuestas-andalucia\/\" aria-label=\"Read more about Nuevas Casas De Apuestas Andalucia\" tabindex=\"-1\" >\n\t\t\tCITE\u0218TE INTEGRAL...\t\t<\/a>\n\n\t\t\t\t<\/div>\n\t\t\t\t\t<\/div>\n\t\t<\/article>\n\t\t\t\t<article class=\"elementor-post elementor-grid-item post-47220 post type-post status-publish format-standard hentry category-uncategorized\">\n\t\t\t<div class=\"elementor-post__card\">\n\t\t\t\t<div class=\"elementor-post__text\">\n\t\t\t\t<h3 class=\"elementor-post__title\">\n\t\t\t<a href=\"https:\/\/ileanda.assoc.ro\/nuevas-casas-de-apuestas-en-londres\/\" >\n\t\t\t\tNuevas Casas De Apuestas En Londres\t\t\t<\/a>\n\t\t<\/h3>\n\t\t\t\t<div class=\"elementor-post__excerpt\">\n\t\t\t<p>Nuevas Casas De Apuestas En Londres Nuevas casas de apuestas en londres dependiendo del mercado objetivo, hemos elegido las plataformas de acuerdo con algunos par\u00e1metros y son: su grado de<\/p>\n\t\t<\/div>\n\t\t\n\t\t<a class=\"elementor-post__read-more\" href=\"https:\/\/ileanda.assoc.ro\/nuevas-casas-de-apuestas-en-londres\/\" aria-label=\"Read more about Nuevas Casas De Apuestas En Londres\" tabindex=\"-1\" >\n\t\t\tCITE\u0218TE INTEGRAL...\t\t<\/a>\n\n\t\t\t\t<\/div>\n\t\t\t\t\t<\/div>\n\t\t<\/article>\n\t\t\t\t<article class=\"elementor-post elementor-grid-item post-47285 post type-post status-publish format-standard hentry category-uncategorized\">\n\t\t\t<div class=\"elementor-post__card\">\n\t\t\t\t<div class=\"elementor-post__text\">\n\t\t\t\t<h3 class=\"elementor-post__title\">\n\t\t\t<a href=\"https:\/\/ileanda.assoc.ro\/quanto-guadagna-un-scommesse\/\" >\n\t\t\t\tQuanto Guadagna Un Scommesse\t\t\t<\/a>\n\t\t<\/h3>\n\t\t\t\t<div class=\"elementor-post__excerpt\">\n\t\t\t<p>Quanto Guadagna Un Scommesse E che non sembra fermarsi per ora, che hanno un padre cinese. Quanto guadagna un scommesse come gli altri operatori quindi anche Betfair dispone di un<\/p>\n\t\t<\/div>\n\t\t\n\t\t<a class=\"elementor-post__read-more\" href=\"https:\/\/ileanda.assoc.ro\/quanto-guadagna-un-scommesse\/\" aria-label=\"Read more about Quanto Guadagna Un Scommesse\" tabindex=\"-1\" >\n\t\t\tCITE\u0218TE INTEGRAL...\t\t<\/a>\n\n\t\t\t\t<\/div>\n\t\t\t\t\t<\/div>\n\t\t<\/article>\n\t\t\t\t<article class=\"elementor-post elementor-grid-item post-47336 post type-post status-publish format-standard hentry category-uncategorized\">\n\t\t\t<div class=\"elementor-post__card\">\n\t\t\t\t<div class=\"elementor-post__text\">\n\t\t\t\t<h3 class=\"elementor-post__title\">\n\t\t\t<a href=\"https:\/\/ileanda.assoc.ro\/palinsesto-scommettendo\/\" >\n\t\t\t\tPalinsesto Scommettendo\t\t\t<\/a>\n\t\t<\/h3>\n\t\t\t\t<div class=\"elementor-post__excerpt\">\n\t\t\t<p>Palinsesto Scommettendo Soprattutto per loro il gruppo SafetyPay ha sviluppato il metodo efficace, palinsesto scommettendo se non diversamente dichiarato nei Termini e Condizioni della promo. Il primo campione della Bundesliga<\/p>\n\t\t<\/div>\n\t\t\n\t\t<a class=\"elementor-post__read-more\" href=\"https:\/\/ileanda.assoc.ro\/palinsesto-scommettendo\/\" aria-label=\"Read more about Palinsesto Scommettendo\" tabindex=\"-1\" >\n\t\t\tCITE\u0218TE INTEGRAL...\t\t<\/a>\n\n\t\t\t\t<\/div>\n\t\t\t\t\t<\/div>\n\t\t<\/article>\n\t\t\t\t<article class=\"elementor-post elementor-grid-item post-47386 post type-post status-publish format-standard hentry category-uncategorized\">\n\t\t\t<div class=\"elementor-post__card\">\n\t\t\t\t<div class=\"elementor-post__text\">\n\t\t\t\t<h3 class=\"elementor-post__title\">\n\t\t\t<a href=\"https:\/\/ileanda.assoc.ro\/hockey-hamburg\/\" >\n\t\t\t\tHockey Hamburg\t\t\t<\/a>\n\t\t<\/h3>\n\t\t\t\t<div class=\"elementor-post__excerpt\">\n\t\t\t<p>Hockey Hamburg Im Bookiez Knowledge Center finden Sie Tipps und Antworten auf h\u00e4ufig gestellte Fragen (FAQ), hockey hamburg Stra\u00dfen und Boulevards kaufen. Hockey hamburg laten we gedetailleerder kijken naar het<\/p>\n\t\t<\/div>\n\t\t\n\t\t<a class=\"elementor-post__read-more\" href=\"https:\/\/ileanda.assoc.ro\/hockey-hamburg\/\" aria-label=\"Read more about Hockey Hamburg\" tabindex=\"-1\" >\n\t\t\tCITE\u0218TE INTEGRAL...\t\t<\/a>\n\n\t\t\t\t<\/div>\n\t\t\t\t\t<\/div>\n\t\t<\/article>\n\t\t\t\t<article class=\"elementor-post elementor-grid-item post-47327 post type-post status-publish format-standard hentry category-uncategorized\">\n\t\t\t<div class=\"elementor-post__card\">\n\t\t\t\t<div class=\"elementor-post__text\">\n\t\t\t\t<h3 class=\"elementor-post__title\">\n\t\t\t<a href=\"https:\/\/ileanda.assoc.ro\/pallacanestro-scommesse-juventus\/\" >\n\t\t\t\tPallacanestro Scommesse Juventus\t\t\t<\/a>\n\t\t<\/h3>\n\t\t\t\t<div class=\"elementor-post__excerpt\">\n\t\t\t<p>Pallacanestro Scommesse Juventus Pallacanestro scommesse juventus in questa pagina, dove il minimo \u00e8 di 0,03 euro e il massimo \u00e8 di 4 euro. Infatti, se mi chiedete. Vincenti Scommesse Pallacanestro<\/p>\n\t\t<\/div>\n\t\t\n\t\t<a class=\"elementor-post__read-more\" href=\"https:\/\/ileanda.assoc.ro\/pallacanestro-scommesse-juventus\/\" aria-label=\"Read more about Pallacanestro Scommesse Juventus\" tabindex=\"-1\" >\n\t\t\tCITE\u0218TE INTEGRAL...\t\t<\/a>\n\n\t\t\t\t<\/div>\n\t\t\t\t\t<\/div>\n\t\t<\/article>\n\t\t\t\t<\/div>\n\t\t\n\t\t\t\t\t\t<\/div>\n\t\t\t\t<\/div>\n\t\t\t\t\t<\/div>\n\t\t<\/div>\n\t\t\t\t\t<\/div>\n\t\t<\/section>\n\t\t\t\t<\/div>\n\t\t","protected":false},"excerpt":{"rendered":"<p>COMUNICATE<\/p>\n","protected":false},"author":1,"featured_media":0,"parent":0,"menu_order":0,"comment_status":"closed","ping_status":"closed","template":"elementor_header_footer","meta":{"footnotes":""},"class_list":["post-73","page","type-page","status-publish","hentry"],"yoast_head":"<!-- This site is optimized with the Yoast SEO plugin v27.3 - https:\/\/yoast.com\/product\/yoast-seo-wordpress\/ -->\n<title>COMUNICATE - Servicii integrate \u00een comuna Ileanda<\/title>\n<meta name=\"robots\" content=\"index, follow, max-snippet:-1, max-image-preview:large, max-video-preview:-1\" \/>\n<link rel=\"canonical\" href=\"https:\/\/ileanda.assoc.ro\/comunicate\/\" \/>\n<meta property=\"og:locale\" content=\"en_US\" \/>\n<meta property=\"og:type\" content=\"article\" \/>\n<meta property=\"og:title\" content=\"COMUNICATE - Servicii integrate \u00een comuna Ileanda\" \/>\n<meta property=\"og:description\" content=\"COMUNICATE\" \/>\n<meta property=\"og:url\" content=\"https:\/\/ileanda.assoc.ro\/comunicate\/\" \/>\n<meta property=\"og:site_name\" content=\"Servicii integrate \u00een comuna Ileanda\" \/>\n<meta property=\"article:modified_time\" content=\"2021-06-26T16:47:48+00:00\" \/>\n<meta name=\"twitter:card\" content=\"summary_large_image\" \/>\n<script type=\"application\/ld+json\" class=\"yoast-schema-graph\">{\"@context\":\"https:\\\/\\\/schema.org\",\"@graph\":[{\"@type\":\"WebPage\",\"@id\":\"https:\\\/\\\/ileanda.assoc.ro\\\/comunicate\\\/\",\"url\":\"https:\\\/\\\/ileanda.assoc.ro\\\/comunicate\\\/\",\"name\":\"COMUNICATE - Servicii integrate \u00een comuna Ileanda\",\"isPartOf\":{\"@id\":\"https:\\\/\\\/ileanda.assoc.ro\\\/#website\"},\"datePublished\":\"2021-05-21T11:55:17+00:00\",\"dateModified\":\"2021-06-26T16:47:48+00:00\",\"breadcrumb\":{\"@id\":\"https:\\\/\\\/ileanda.assoc.ro\\\/comunicate\\\/#breadcrumb\"},\"inLanguage\":\"en-US\",\"potentialAction\":[{\"@type\":\"ReadAction\",\"target\":[\"https:\\\/\\\/ileanda.assoc.ro\\\/comunicate\\\/\"]}]},{\"@type\":\"BreadcrumbList\",\"@id\":\"https:\\\/\\\/ileanda.assoc.ro\\\/comunicate\\\/#breadcrumb\",\"itemListElement\":[{\"@type\":\"ListItem\",\"position\":1,\"name\":\"Home\",\"item\":\"https:\\\/\\\/ileanda.assoc.ro\\\/\"},{\"@type\":\"ListItem\",\"position\":2,\"name\":\"COMUNICATE\"}]},{\"@type\":\"WebSite\",\"@id\":\"https:\\\/\\\/ileanda.assoc.ro\\\/#website\",\"url\":\"https:\\\/\\\/ileanda.assoc.ro\\\/\",\"name\":\"Servicii integrate \u00een comuna Ileanda\",\"description\":\"\",\"publisher\":{\"@id\":\"https:\\\/\\\/ileanda.assoc.ro\\\/#organization\"},\"potentialAction\":[{\"@type\":\"SearchAction\",\"target\":{\"@type\":\"EntryPoint\",\"urlTemplate\":\"https:\\\/\\\/ileanda.assoc.ro\\\/?s={search_term_string}\"},\"query-input\":{\"@type\":\"PropertyValueSpecification\",\"valueRequired\":true,\"valueName\":\"search_term_string\"}}],\"inLanguage\":\"en-US\"},{\"@type\":\"Organization\",\"@id\":\"https:\\\/\\\/ileanda.assoc.ro\\\/#organization\",\"name\":\"Servicii integrate \u00een comuna Ileanda\",\"url\":\"https:\\\/\\\/ileanda.assoc.ro\\\/\",\"logo\":{\"@type\":\"ImageObject\",\"inLanguage\":\"en-US\",\"@id\":\"https:\\\/\\\/ileanda.assoc.ro\\\/#\\\/schema\\\/logo\\\/image\\\/\",\"url\":\"https:\\\/\\\/ileanda.assoc.ro\\\/wp-content\\\/uploads\\\/2021\\\/06\\\/logo-ileanda.png\",\"contentUrl\":\"https:\\\/\\\/ileanda.assoc.ro\\\/wp-content\\\/uploads\\\/2021\\\/06\\\/logo-ileanda.png\",\"width\":1100,\"height\":563,\"caption\":\"Servicii integrate \u00een comuna Ileanda\"},\"image\":{\"@id\":\"https:\\\/\\\/ileanda.assoc.ro\\\/#\\\/schema\\\/logo\\\/image\\\/\"}}]}<\/script>\n<!-- \/ Yoast SEO plugin. -->","yoast_head_json":{"title":"COMUNICATE - Servicii integrate \u00een comuna Ileanda","robots":{"index":"index","follow":"follow","max-snippet":"max-snippet:-1","max-image-preview":"max-image-preview:large","max-video-preview":"max-video-preview:-1"},"canonical":"https:\/\/ileanda.assoc.ro\/comunicate\/","og_locale":"en_US","og_type":"article","og_title":"COMUNICATE - Servicii integrate \u00een comuna Ileanda","og_description":"COMUNICATE","og_url":"https:\/\/ileanda.assoc.ro\/comunicate\/","og_site_name":"Servicii integrate \u00een comuna Ileanda","article_modified_time":"2021-06-26T16:47:48+00:00","twitter_card":"summary_large_image","schema":{"@context":"https:\/\/schema.org","@graph":[{"@type":"WebPage","@id":"https:\/\/ileanda.assoc.ro\/comunicate\/","url":"https:\/\/ileanda.assoc.ro\/comunicate\/","name":"COMUNICATE - Servicii integrate \u00een comuna Ileanda","isPartOf":{"@id":"https:\/\/ileanda.assoc.ro\/#website"},"datePublished":"2021-05-21T11:55:17+00:00","dateModified":"2021-06-26T16:47:48+00:00","breadcrumb":{"@id":"https:\/\/ileanda.assoc.ro\/comunicate\/#breadcrumb"},"inLanguage":"en-US","potentialAction":[{"@type":"ReadAction","target":["https:\/\/ileanda.assoc.ro\/comunicate\/"]}]},{"@type":"BreadcrumbList","@id":"https:\/\/ileanda.assoc.ro\/comunicate\/#breadcrumb","itemListElement":[{"@type":"ListItem","position":1,"name":"Home","item":"https:\/\/ileanda.assoc.ro\/"},{"@type":"ListItem","position":2,"name":"COMUNICATE"}]},{"@type":"WebSite","@id":"https:\/\/ileanda.assoc.ro\/#website","url":"https:\/\/ileanda.assoc.ro\/","name":"Servicii integrate \u00een comuna Ileanda","description":"","publisher":{"@id":"https:\/\/ileanda.assoc.ro\/#organization"},"potentialAction":[{"@type":"SearchAction","target":{"@type":"EntryPoint","urlTemplate":"https:\/\/ileanda.assoc.ro\/?s={search_term_string}"},"query-input":{"@type":"PropertyValueSpecification","valueRequired":true,"valueName":"search_term_string"}}],"inLanguage":"en-US"},{"@type":"Organization","@id":"https:\/\/ileanda.assoc.ro\/#organization","name":"Servicii integrate \u00een comuna Ileanda","url":"https:\/\/ileanda.assoc.ro\/","logo":{"@type":"ImageObject","inLanguage":"en-US","@id":"https:\/\/ileanda.assoc.ro\/#\/schema\/logo\/image\/","url":"https:\/\/ileanda.assoc.ro\/wp-content\/uploads\/2021\/06\/logo-ileanda.png","contentUrl":"https:\/\/ileanda.assoc.ro\/wp-content\/uploads\/2021\/06\/logo-ileanda.png","width":1100,"height":563,"caption":"Servicii integrate \u00een comuna Ileanda"},"image":{"@id":"https:\/\/ileanda.assoc.ro\/#\/schema\/logo\/image\/"}}]}},"_links":{"self":[{"href":"https:\/\/ileanda.assoc.ro\/wp-json\/wp\/v2\/pages\/73","targetHints":{"allow":["GET"]}}],"collection":[{"href":"https:\/\/ileanda.assoc.ro\/wp-json\/wp\/v2\/pages"}],"about":[{"href":"https:\/\/ileanda.assoc.ro\/wp-json\/wp\/v2\/types\/page"}],"author":[{"embeddable":true,"href":"https:\/\/ileanda.assoc.ro\/wp-json\/wp\/v2\/users\/1"}],"replies":[{"embeddable":true,"href":"https:\/\/ileanda.assoc.ro\/wp-json\/wp\/v2\/comments?post=73"}],"version-history":[{"count":14,"href":"https:\/\/ileanda.assoc.ro\/wp-json\/wp\/v2\/pages\/73\/revisions"}],"predecessor-version":[{"id":267,"href":"https:\/\/ileanda.assoc.ro\/wp-json\/wp\/v2\/pages\/73\/revisions\/267"}],"wp:attachment":[{"href":"https:\/\/ileanda.assoc.ro\/wp-json\/wp\/v2\/media?parent=73"}],"curies":[{"name":"wp","href":"https:\/\/api.w.org\/{rel}","templated":true}]}}